{"id":3153,"date":"2022-06-29T17:41:30","date_gmt":"2022-06-29T15:41:30","guid":{"rendered":"https:\/\/lemerline.com\/politica-sulla-riservatezza\/"},"modified":"2023-11-14T14:16:40","modified_gmt":"2023-11-14T13:16:40","slug":"politica-sulla-riservatezza","status":"publish","type":"page","link":"https:\/\/lemerline.com\/it\/politica-sulla-riservatezza\/","title":{"rendered":"Politica sulla riservatezza"},"content":{"rendered":"\t\t<div data-elementor-type=\"wp-page\" data-elementor-id=\"3153\" class=\"elementor elementor-3153 elementor-3\">\n\t\t\t\t\t\t<section class=\"elementor-section elementor-top-section elementor-element elementor-element-ce1e653 elementor-section-full_width elementor-section-height-default elementor-section-height-default\" data-id=\"ce1e653\" data-element_type=\"section\" data-e-type=\"section\" data-settings=\"{&quot;background_background&quot;:&quot;classic&quot;}\">\n\t\t\t\t\t\t<div class=\"elementor-container elementor-column-gap-no\">\n\t\t\t\t\t<div class=\"elementor-column elementor-col-100 elementor-top-column elementor-element elementor-element-f751455\" data-id=\"f751455\" data-element_type=\"column\" data-e-type=\"column\" data-settings=\"{&quot;background_background&quot;:&quot;classic&quot;}\">\n\t\t\t<div class=\"elementor-widget-wrap elementor-element-populated\">\n\t\t\t\t\t\t<div class=\"elementor-element elementor-element-03efce7 elementor-widget__width-inherit elementor-widget-tablet__width-inherit elementor-widget-mobile__width-inherit elementor-view-default elementor-position-top elementor-widget elementor-widget-themo-header\" data-id=\"03efce7\" data-element_type=\"widget\" data-e-type=\"widget\" data-widget_type=\"themo-header.default\">\n\t\t\t\t<div class=\"elementor-widget-container\">\n\t\t\t\t\t\t\t<div class=\"th-header-wrap\">\n        <div class=\"elementor-icon-box-wrapper \">\n                            <div class=\"elementor-icon-box-content\">\n                    <h1 class=\"elementor-icon-box-title\">\n                        Privacy Policy                    <\/h1>\n                                        <p class=\"elementor-icon-box-description\"><\/p>\n\n                                    <\/div>\n            <\/div>\n\n        <\/div>\n\n\t\t\t\t\t\t<\/div>\n\t\t\t\t<\/div>\n\t\t\t\t\t<\/div>\n\t\t<\/div>\n\t\t\t\t\t<\/div>\n\t\t<\/section>\n\t\t\t\t<section class=\"elementor-section elementor-top-section elementor-element elementor-element-6da5cd99 elementor-section-boxed elementor-section-height-default elementor-section-height-default\" data-id=\"6da5cd99\" data-element_type=\"section\" data-e-type=\"section\">\n\t\t\t\t\t\t<div class=\"elementor-container elementor-column-gap-default\">\n\t\t\t\t\t<div class=\"elementor-column elementor-col-100 elementor-top-column elementor-element elementor-element-5d5917fe\" data-id=\"5d5917fe\" data-element_type=\"column\" data-e-type=\"column\">\n\t\t\t<div class=\"elementor-widget-wrap elementor-element-populated\">\n\t\t\t\t\t\t<div class=\"elementor-element elementor-element-3a3c41d elementor-widget elementor-widget-spacer\" data-id=\"3a3c41d\" data-element_type=\"widget\" data-e-type=\"widget\" data-widget_type=\"spacer.default\">\n\t\t\t\t<div class=\"elementor-widget-container\">\n\t\t\t\t\t\t\t<div class=\"elementor-spacer\">\n\t\t\t<div class=\"elementor-spacer-inner\"><\/div>\n\t\t<\/div>\n\t\t\t\t\t\t<\/div>\n\t\t\t\t<\/div>\n\t\t\t\t<div class=\"elementor-element elementor-element-4bb204d5 elementor-widget elementor-widget-text-editor\" data-id=\"4bb204d5\" data-element_type=\"widget\" data-e-type=\"widget\" data-widget_type=\"text-editor.default\">\n\t\t\t\t<div class=\"elementor-widget-container\">\n\t\t\t\t\t\t\t\t\t<p>In questo documento si descrivono le modalit\u00e0 di gestione del sito web www.lemerline.it (\u201cSito\u201d), con riferimento al trattamento di dati personali degli utenti (\u201cUtente\/Utenti\u201d) che lo consultano.<\/p><p>\u00c8 un\u2019informativa resa ai sensi dell\u2019art. 13 del D. Lgs. n. 196\/2003, cos\u00ec detto Codice in materia di protezione dei dati personali (\u201cCodice Privacy\u201d) e dell\u2019articolo 13 del Regolamento UE 679\/2016 (\u201cGDPR\u201d), a tutti coloro che visitano il Sito e\/o interagiscono con i servizi web di Le Merline home and breakfast accessibili attraverso il Sito.<\/p><p>L\u2019informativa \u00e8 resa solo per il Sito e non anche per altri siti web eventualmente consultati dall\u2019Utente tramite link presenti sul Sito.<\/p><h4>1. Titolare del trattamento dei dati<\/h4><p>Il titolare del trattamento dei Suoi dati personali \u00e8 l\u2019Azienda Agricola Palucci Alice d.i. di Palucci Alice \u2013 regione Cavagna 7 San Fedele Albenga (SV), mail info@lemerline.com, (di seguito \u201cLe Merline\u201d o \u201cTitolare\u201d).<\/p><h4>2. Tipologie di dati trattati<\/h4><h5>2.1 Dati di navigazione<\/h5><p>I sistemi informatici e le procedure software preposte al funzionamento del Sito acquisiscono, nel corso del loro normale esercizio, alcuni dati personali la cui trasmissione \u00e8 implicita nell\u2019uso di protocolli di comunicazione di internet.<\/p><p>Si tratta di informazioni che non sono raccolte per essere associate a soggetti identificati, ma che per la loro stessa natura potrebbero permettere di identificare gli utenti.<\/p><p>In questa categoria di dati rientrano (i) gli indirizzi IP o i nomi di dominio dei computer utilizzati dagli utenti che si connettono al Sito, (ii) gli indirizzi di notazione URI (Uniform Resource Identifier) delle risorse richieste, (iii) l\u2019orario della richiesta, (iv) il metodo utilizzato per sottoporre la richiesta al server, (v) la dimensione del file ottenuto in risposta, , (vi) il codice numerico indicante lo stato della risposta data dal server (buon fine, errore) ed (vii) altri parametri relativi al sistema operativo e all\u2019ambiente informatico dell\u2019utente.<\/p><p>Questi dati vengono utilizzati al solo fine di ricavare informazioni statistiche anonime sull\u2019uso del Sito e per controllarne il corretto funzionamento e vengono cancellati immediatamente dopo l\u2019elaborazione.<\/p><h5>2.2 Cookies<\/h5><p>Su questo sito vengono utilizzate le seguenti tipologie di cookie:<\/p><h6>2.2.1 Cookie Tecnici<\/h6><p>Questa tipologia di cookie permette il corretto funzionamento di alcune sezioni del sito.<\/p><p>In questo sito internet vengono utilizzati solo cookie tecnici, cio\u00e8 quelli utilizzati al solo fine di \u201ceffettuare la trasmissione di una comunicazione su una rete di comunicazione elettronica, o nella misura strettamente necessaria al fornitore di un servizio della societ\u00e0 dell\u2019informazione esplicitamente richiesto dall\u2019abbonato o dall\u2019Utente a erogare tale servizio\u201d (cfr. art. 122, comma 1, del Codice privacy).<\/p><p>Possono essere suddivisi in cookie di navigazione o di sessione, che garantiscono la normale navigazione e fruizione del sito web:<\/p><p>cookie analytics, assimilati ai cookie tecnici laddove utilizzati direttamente dal gestore del sito per raccogliere informazioni, in forma aggregata, sul numero degli utenti e su come questi visitano il sito stesso;<\/p><p>cookie di funzionalit\u00e0, che permettono all\u2019utente la navigazione in funzione di una serie di criteri selezionati (ad es., la lingua, ecc.) al fine di migliorare il servizio reso all\u2019utente stesso.<\/p><p>Per l\u2019installazione di tali cookie non \u00e8 richiesto il preventivo consenso degli utenti, mentre resta fermo l\u2019obbligo di dare l\u2019informativa ai sensi dell\u2019art. 13 del Codice.<\/p><p>L\u2019acquisizione e il trattamento dei dati derivanti dall\u2019utilizzo dei cookie tecnici \u00e8 obbligatorio per la consultazione del sito. In caso di opposizione da parte dell\u2019utente non sar\u00e0 possibile la visione completa e corretta del sito.<\/p><p>Al momento questo sito non installa cookie di profilazione di prima parte e i cookie di Google Analytics sono stati anonimizzati.<\/p><h6>2.2.2 Cookie di profilazione di Terze Parti<\/h6><p>Questo tipo di cookies consente ad un gestore di un sito internet di poter mostrare pubblicit\u00e0 mirata agli utenti che hanno visitato il proprio sito in base ai loro interessi attraverso la rete pubblicitaria di Google o su altri siti pubblicitari. La pubblicit\u00e0 mostrata si basa sulle pagine web visitate in precedenza dall\u2019utente e viene mostrata in seguito su altri siti internet che consentono la visualizzazione di campagne di Remarketing. Le campagne di Remarketing possono essere realizzate tramite servizi offerti da parti terze (come ad esempio lo strumento Google Adwords Remarketing). Le campagne di Remarketing generano cosiddetti cookies di profilazione.<\/p><p>Al momento non utilizziamo questo tipo di cookie sul sito.<\/p><p>E\u2019 possibile modificare la scelta e\/o disattivare la pubblicit\u00e0 mirata tramite Google al seguente link:<\/p><p>www.google.com\/settings\/ads\/onweb\/<\/p><p>oppure<\/p><p>http:\/\/www.youronlinechoices.com\/it\/le-tue-scelte<\/p><h6>Altri cookie di Terze Parti<\/h6><p>Attraverso la navigazione del sito l\u2019utente potr\u00e0 ricevere cookie di terze parti.<\/p><p>I cookie di terze parti vengono impostati da un sito web diverso da quello che l\u2019utente sta visitando. Questo perch\u00e9 su ogni sito possono essere presenti elementi (immagini, mappe, suoni, specifici link a pagine web di altri domini, ecc.) che risiedono su server diversi da quello del sito visitato.<\/p><p>Elenco dei cookie di terze parti utilizzati da questo Sito:<\/p><p>E\u2019 possibile agire direttamente sul proprio browser gestire i cookie secondo le proprie preferenze.<\/p><p>Si indicano di seguito le pagine dei fornitori di browser che illustrano in dettaglio come agire sulle preferenze privacy e tracciamento in base al tipo di browser utilizzato dall\u2019utente:<\/p><p>\u2013 Mozilla Firefox<\/p><p>\u2013 Google Chrome<\/p><p>\u2013 Safari 6\/7<\/p><p>\u2013 Safari 8<\/p><p>\u2013 Internet Explorer<\/p><p>\u2013 Safari iOS (mobile)<\/p><p>&#8211; Opera<\/p><h5>2.3 3 Dati forniti volontariamente dall\u2019utente<\/h5><p>Il Titolare tratta i dati personali, identificativi e non sensibili (a titolo esemplificativo, ma non esaustivo, nome, cognome, indirizzo, telefono, email, etc. \u2013 in seguito, \u201cdati personali\u201d o anche dati) comunicati dall\u2019Utente in occasione della registrazione alle pagine web del Sito o al form di registrazione del Titolare, della compilazione e invio di un form di contatto al Titolare o, comunque, di ogni altra richiesta.<\/p><p>L\u2019Utente si assume la responsabilit\u00e0 dei dati di terzi pubblicati o condivisi mediante il Sito web e garantisce di avere il diritto di comunicarli o diffonderli, liberando il Titolare da qualsiasi responsabilit\u00e0 verso terzi.<\/p><h4>3. Finalit\u00e0 e base giuridica del trattamento<\/h4><p>Il trattamento dei dati personali dell\u2019Utente da parte del Titolare \u00e8 finalizzato a:<\/p><p>perseguire, conformemente all\u2019art. 6.1, lett . f) del GDPR, un proprio legittimo interesse, consistente nel garantire la sicurezza del Sito e delle informazioni sullo stesso scambiate, ossia la capacit\u00e0 di tale Sito di resistere, a un dato livello di sicurezza, a eventi imprevisti o ad atti illeciti o dolosi che compromettano la disponibilit\u00e0, l\u2019autenticit\u00e0, l\u2019integrit\u00e0 e la riservatezza dei dati personali conservati o trasmessi e la sicurezza dei relativi servizi offerti o resi accessibili;<\/p><p>permettere all\u2019Utente, di inviare richieste di informazioni e al Titolare di fornire all\u2019Utente l\u2019eventuale riscontro alle richieste formulate;<\/p><p>rendere possibile la registrazione e l\u2019autenticazione dell\u2019Utente;<\/p><p>per finalit\u00e0 di marketing solo con vostro specifico e distinto consenso conformemente all\u2019art. 23 e 130 Codice della Privacy e art. 7 del GDPR: invio via mail di newsletter, comunicazioni commerciali e\/o materiale pubblicitario su prodotti e servizi del Titolare;<\/p><p>consentire al Titolare, di ricevere i dati personali dell\u2019Utente tramite Facebook, e altri ed altri social network di cui l\u2019utente fornisca eventualmente dati di contatto;<\/p><p>per esercitare i diritti del Titolare, ad esempio il diritto di difesa;<\/p><p class=\"MsoNormal\"><span lang=\"EN\">per adempiere agli obblighi previsti dalla legge,\u00a0da un regolamento, dalla normativa comunitaria o da un ordine dell\u2019Autorit\u00e0.<\/span><\/p><p><span lang=\"EN\" style=\"font-size: 11.0pt; line-height: 107%;\">Le finalit\u00e0 di cui alle lettere c), d) ed e) saranno perseguite esclusivamente dopo che l\u2019Utente avr\u00e0 espresso il proprio consenso specifico e libero consenso a tali trattamenti, rimanendo intesa la possibilit\u00e0 per quest\u2019ultimo di richiedere sempre l\u2019esclusione di alcune modalit\u00e0 di comunicazioni automatizzate o tradizionali.<\/span><\/p><h4>4. Consequences of a possible refusal to respond<\/h4><p>A parte quanto specificato con riferimento ai dati di navigazione, che sono necessari al fine di consentire la corretta funzionalit\u00e0 del Sito, ai cookie, in relazione ai quali si prega di prendere visione della relativa cookie policy, gli Utenti sono liberi di fornire i propri dati personali per formulare richieste di informazioni e per iscriversi al Sito. Il mancato conferimento dei dati, comporta l\u2019impossibilit\u00e0 di ottenere quanto richiesto e utilizzare il servizio di Almablanca.<\/p><h4>5. Modalit\u00e0 del trattamento<\/h4><p>I dati personali sono trattati con sistemi informatici e automatizzati, quali ad esempio email, database, fogli di calcolo, web service per il tempo necessario a conseguire gli scopi per cui sono raccolti.<\/p><p>Si precisa, in particolare, che i dati personali dell\u2019Utente sono oggetto di trattamento da parte di soggetti debitamente incaricati all\u2019assolvimento di tali compiti, costantemente identificati e\/o nominati, opportunamente istruiti e resi edotti dai vincoli imposti dalla legge, nonch\u00e9 mediante l\u2019impiego di misure di sicurezza atte a garantire la tutela della Sua riservatezza e ad evitare i rischi di perdita o distruzione, di accessi non autorizzati, di trattamenti non consentiti o non conformi alle finalit\u00e0 di cui sopra.<\/p><h4>6. Comunicazione e diffusione dei dati<\/h4><p>E\u2019 fatta salva, in ogni caso, la comunicazione di dati a societ\u00e0 espressamente incaricate a svolgere determinate prestazioni nell\u2019ambito dell\u2019attivit\u00e0 svolta dal Titolare e\/o, in generale, in suo favore, che opereranno in qualit\u00e0 di titolari autonomi e\/o responsabili del trattamento, nonch\u00e9 la comunicazione e\/o diffusione di dati richiesti, in conformit\u00e0 alla legge, da forze di polizia, dall\u2019autorit\u00e0 giudiziaria, da organismi di informazione e sicurezza o da altri soggetti pubblici per finalit\u00e0 di difesa o di sicurezza dello Stato o di prevenzione, accertamento o repressione dei reati.<\/p><p>I dati non sono soggetti a diffusione.<\/p><p>L\u2019elenco aggiornato dei Responsabili potr\u00e0 essere sempre richiesto al Titolare del trattamento.<\/p><h4>7. Trasferimento dei dati<\/h4><p>La gestione e la conservazione avviene su server ubicati all\u2019interno dell\u2019Unione Europea presso la societ\u00e0 Aruba SpA. Resta in ogni caso inteso che il Titolare, ove si rendesse necessario, avr\u00e0 la facolt\u00e0 di spostare l\u2019ubicazione dei server in Italia e\/o Unione Europea e\/o Paesi extra \u2013 UE. In tal caso, il Titolare assicura sin da ora che il trasferimento dei dati extra-UE avverr\u00e0 in conformit\u00e0 alle disposizioni di legge applicabili stipulando, se necessario, accordi che garantiscano un livello di protezione adeguato e\/o adottando le clausole contrattuali standard previste dalla Commissione europea.<\/p><h4>8. Diritti dell\u2019interessato<\/h4><p>Ai sensi dell\u2019art. 7 del Codice Privacy e degli artt. 15 e ss. del GDPR, l\u2019Utente ha il diritto di ottenere:<\/p><p>la conferma dell\u2019esistenza o meno di dati personali che La riguardano, anche se non ancora registrati, la loro comunicazione in forma intelligibile e l\u2019accesso agli stessi;<\/p><p>una copia dei Suoi dati personali;<\/p><p>la rettifica dei Suoi dati personali eventualmente inesatti;<\/p><p>la cancellazione dei Suoi dati personali;<\/p><p>la limitazione del trattamento dei Suoi dati personali;<\/p><p>in un formato strutturato, di uso comune e leggibile da dispositivo automatico i dati personali che Lei ci ha fornito o che Lei stesso ha creato \u2013 esclusi i giudizi creati dal Titolare e\/o dagli incaricati ex art. 4 del Codice Privacy \/ dalle persone autorizzate a trattare i dati a nome e per conto del Titolare ex art. 4 del GDPR \u2013 e di trasmetterli, direttamente o per mezzo del Titolare, ad un altro titolare del trattamento (c.d. diritto alla portabilit\u00e0 dei dati);<\/p><p>l\u2019indicazione:<\/p><p>dell\u2019origine dei dati personali;<\/p><p>delle categorie di dati personali trattati;<\/p><p>delle finalit\u00e0 e modalit\u00e0 del trattamento;<\/p><p>della logica applicata in caso di trattamento effettuato con l\u2019ausilio di strumenti elettronici;<\/p><p>degli estremi identificativi del Titolare e degli eventuali responsabili<\/p><p>del periodo di conservazione dei Suoi dati personali o dei criteri utili per la determinazione di tale periodo<\/p><p>dei soggetti o delle categorie di soggetti ai quali i dati personali possono essere comunicati o che possono venirne a conoscenza in qualit\u00e0 di rappresentante designato nel territorio dello Stato, di responsabili o di incaricati ex art. 4 del Codice Privacy \/ persone autorizzate a trattare i dati a nome e per conto del Titolare ex art. 4 del GDPR;<\/p><p>l\u2019aggiornamento, la rettificazione ovvero, quando Vi ha interesse, l\u2019integrazione dei dati;<\/p><p>la trasformazione in forma anonima o il blocco dei dati trattati in violazione di legge, compresi quelli di cui non \u00e8 necessaria la conservazione in relazione agli scopi per i quali i dati sono stati raccolti o successivamente trattati;<\/p><p>l\u2019attestazione che le operazioni di cui alle lettere a) e b) sono state portate a conoscenza, anche per quanto riguarda il loro contenuto, di coloro ai quali i dati sono stati comunicati o diffusi, eccettuato il caso in cui tale adempimento si rivela impossibile o comporta un impiego di mezzi manifestamente sproporzionato rispetto al diritto tutelato.<\/p><p>L\u2019Utente, inoltre, ha diritto di opporsi, in tutto o in parte:<\/p><p>per motivi legittimi, al trattamento dei dati personali che La riguardano, ancorch\u00e9 pertinenti allo scopo della raccolta;<\/p><p>al trattamento di dati personali che La riguardano a fini di invio di materiale pubblicitario o di vendita diretta o per il compimento di ricerche di mercato o di comunicazione commerciale.<\/p><p>Per esercitare i suddetti diritti, gli Utenti possono inviare una comunicazione all\u2019indirizzo di posta elettronica del Titolare, di cui al precedente art. 1, indicando in oggetto \u201cPrivacy esercizio dei diritti\u201d.<\/p><p>La informiamo, da ultimo, che qualora ritenga che i Suoi diritti siano stati violati dal Titolare e\/o da un terzo, Lei ha il diritto di proporre reclamo al Garante per la Protezione dei Dati Personali e\/o ad altra autorit\u00e0 di controllo competente in forza del GDPR.<\/p><h4>9. Durata del trattamento e conservazione dei dati personali<\/h4><p>I dati personali dell\u2019Utente saranno trattati dal Titolare per il solo periodo di tempo necessario al raggiungimento delle finalit\u00e0 del trattamento di cui al precedente articolo 3, dopodich\u00e9 verranno conservati unicamente in esecuzione degli obblighi di legge vigenti in materia, per finalit\u00e0 di tipo amministrativo e\/o per far valere o difendere un proprio diritto, in caso di contenziosi e precontenziosi.<\/p><p>L\u2019utente pu\u00f2 sempre richiedere l\u2019interruzione del Trattamento o la cancellazione dei dati.<\/p><h4>10. Modifiche<\/h4><p>Il presente documento costituisce la Privacy Policy del Sito che pu\u00f2 essere, in qualsiasi momento, modificata e\/o aggiornata. Qualora il Titolare intenda trattare i dati personali degli Utenti per finalit\u00e0 diverse rispetto a quelle previste al precedente art. 3, si impegna a fornire agli Utenti, prima di tale ulteriore trattamento, adeguate informazioni in merito a tali diverse finalit\u00e0 e di effettuare tale ulteriore trattamento nel rispetto della normativa vigente.<\/p><h4>11. Reclami<\/h4><p>La informiamo, da ultimo, che qualora ritenga che i Suoi diritti siano stati violati dal Titolare e\/o da un terzo, Lei ha il diritto di proporre reclamo al Garante per la Protezione dei Dati Personali e\/o ad altra autorit\u00e0 di controllo competente in forza del Regolamento. A questa pagina http:\/\/www.garanteprivacy.it\/home\/urp<\/p>\t\t\t\t\t\t\t\t<\/div>\n\t\t\t\t<\/div>\n\t\t\t\t<div class=\"elementor-element elementor-element-0af954f elementor-widget elementor-widget-spacer\" data-id=\"0af954f\" data-element_type=\"widget\" data-e-type=\"widget\" data-widget_type=\"spacer.default\">\n\t\t\t\t<div class=\"elementor-widget-container\">\n\t\t\t\t\t\t\t<div class=\"elementor-spacer\">\n\t\t\t<div class=\"elementor-spacer-inner\"><\/div>\n\t\t<\/div>\n\t\t\t\t\t\t<\/div>\n\t\t\t\t<\/div>\n\t\t\t\t\t<\/div>\n\t\t<\/div>\n\t\t\t\t\t<\/div>\n\t\t<\/section>\n\t\t\t\t<\/div>\n\t\t","protected":false},"excerpt":{"rendered":"<p>Privacy Policy In questo documento si descrivono le modalit\u00e0 di gestione del sito web www.lemerline.it (\u201cSito\u201d), con riferimento al trattamento di dati personali degli utenti (\u201cUtente\/Utenti\u201d) che lo consultano. \u00c8 un\u2019informativa resa ai sensi dell\u2019art. 13 del D. Lgs. n. &hellip; <a href=\"https:\/\/lemerline.com\/it\/politica-sulla-riservatezza\/\">Read More<\/a><\/p>\n","protected":false},"author":1,"featured_media":0,"parent":0,"menu_order":0,"comment_status":"closed","ping_status":"open","template":"","meta":{"footnotes":""},"class_list":["post-3153","page","type-page","status-publish","hentry"],"_links":{"self":[{"href":"https:\/\/lemerline.com\/it\/wp-json\/wp\/v2\/pages\/3153","targetHints":{"allow":["GET"]}}],"collection":[{"href":"https:\/\/lemerline.com\/it\/wp-json\/wp\/v2\/pages"}],"about":[{"href":"https:\/\/lemerline.com\/it\/wp-json\/wp\/v2\/types\/page"}],"author":[{"embeddable":true,"href":"https:\/\/lemerline.com\/it\/wp-json\/wp\/v2\/users\/1"}],"replies":[{"embeddable":true,"href":"https:\/\/lemerline.com\/it\/wp-json\/wp\/v2\/comments?post=3153"}],"version-history":[{"count":0,"href":"https:\/\/lemerline.com\/it\/wp-json\/wp\/v2\/pages\/3153\/revisions"}],"wp:attachment":[{"href":"https:\/\/lemerline.com\/it\/wp-json\/wp\/v2\/media?parent=3153"}],"curies":[{"name":"wp","href":"https:\/\/api.w.org\/{rel}","templated":true}]}}