{"id":3216,"date":"2021-10-12T17:00:46","date_gmt":"2021-10-12T15:00:46","guid":{"rendered":"https:\/\/lemerline.com\/terms-bedingungen\/"},"modified":"2023-11-14T13:54:14","modified_gmt":"2023-11-14T12:54:14","slug":"terms-bedingungen","status":"publish","type":"page","link":"https:\/\/lemerline.com\/de\/terms-bedingungen\/","title":{"rendered":"TERMS &amp; BEDINGUNGEN"},"content":{"rendered":"\t\t<div data-elementor-type=\"wp-page\" data-elementor-id=\"3216\" class=\"elementor elementor-3216 elementor-84\">\n\t\t\t\t\t\t<section class=\"elementor-section elementor-top-section elementor-element elementor-element-f005d01 elementor-section-full_width elementor-section-height-default elementor-section-height-default\" data-id=\"f005d01\" data-element_type=\"section\" data-e-type=\"section\" data-settings=\"{&quot;background_background&quot;:&quot;classic&quot;}\">\n\t\t\t\t\t\t<div class=\"elementor-container elementor-column-gap-no\">\n\t\t\t\t\t<div class=\"elementor-column elementor-col-100 elementor-top-column elementor-element elementor-element-e2dd2bf\" data-id=\"e2dd2bf\" data-element_type=\"column\" data-e-type=\"column\" data-settings=\"{&quot;background_background&quot;:&quot;classic&quot;}\">\n\t\t\t<div class=\"elementor-widget-wrap elementor-element-populated\">\n\t\t\t\t\t\t<div class=\"elementor-element elementor-element-126291a elementor-widget__width-inherit elementor-widget-tablet__width-inherit elementor-widget-mobile__width-inherit elementor-view-default elementor-position-top elementor-widget elementor-widget-themo-header\" data-id=\"126291a\" data-element_type=\"widget\" data-e-type=\"widget\" data-widget_type=\"themo-header.default\">\n\t\t\t\t<div class=\"elementor-widget-container\">\n\t\t\t\t\t\t\t<div class=\"th-header-wrap\">\n        <div class=\"elementor-icon-box-wrapper \">\n                            <div class=\"elementor-icon-box-content\">\n                    <h1 class=\"elementor-icon-box-title\">\n                        TERMS &amp; BEDINGUNGEN                    <\/h1>\n                                        <p class=\"elementor-icon-box-description\"><\/p>\n\n                                    <\/div>\n            <\/div>\n\n        <\/div>\n\n\t\t\t\t\t\t<\/div>\n\t\t\t\t<\/div>\n\t\t\t\t\t<\/div>\n\t\t<\/div>\n\t\t\t\t\t<\/div>\n\t\t<\/section>\n\t\t\t\t<section class=\"elementor-section elementor-top-section elementor-element elementor-element-6dc53573 elementor-section-boxed elementor-section-height-default elementor-section-height-default\" data-id=\"6dc53573\" data-element_type=\"section\" data-e-type=\"section\">\n\t\t\t\t\t\t<div class=\"elementor-container elementor-column-gap-default\">\n\t\t\t\t\t<div class=\"elementor-column elementor-col-100 elementor-top-column elementor-element elementor-element-1f4f1e7e\" data-id=\"1f4f1e7e\" data-element_type=\"column\" data-e-type=\"column\">\n\t\t\t<div class=\"elementor-widget-wrap elementor-element-populated\">\n\t\t\t\t\t\t<div class=\"elementor-element elementor-element-0d84011 elementor-widget elementor-widget-spacer\" data-id=\"0d84011\" data-element_type=\"widget\" data-e-type=\"widget\" data-widget_type=\"spacer.default\">\n\t\t\t\t<div class=\"elementor-widget-container\">\n\t\t\t\t\t\t\t<div class=\"elementor-spacer\">\n\t\t\t<div class=\"elementor-spacer-inner\"><\/div>\n\t\t<\/div>\n\t\t\t\t\t\t<\/div>\n\t\t\t\t<\/div>\n\t\t\t\t<div class=\"elementor-element elementor-element-6d8a00fc elementor-widget elementor-widget-text-editor\" data-id=\"6d8a00fc\" data-element_type=\"widget\" data-e-type=\"widget\" data-widget_type=\"text-editor.default\">\n\t\t\t\t<div class=\"elementor-widget-container\">\n\t\t\t\t\t\t\t\t\t<h5>ANNAHME AN DER REZEPTION<\/h5>\n<p>Bei der Ankunft m\u00fcssen die G\u00e4ste ihre g\u00fcltigen Ausweisdokumente an der Rezeption abgeben. Akzeptierte Dokumente:<br>Personalausweis, Reisepass oder F\u00fchrerschein.<br>Personen ohne g\u00fcltigen Ausweis m\u00fcssen sich an das n\u00e4chstgelegene B\u00fcro der \u00f6ffentlichen Sicherheit \u2013 \u201ePREFEKTUR\u201c \u2013 wenden.<br>Check-IN von 11:30 bis 13:30 Uhr und Check-Out um 10:30 Uhr (sofern nicht anders mit der Gesch\u00e4ftsleitung vereinbart).<\/p>\n<h5>STORNIERUNG ODER R\u00dcCKTRITT<\/h5>\n<p>Um die Reservierung als g\u00fcltig zu betrachten, muss der Gast die folgenden Bedingungen einhalten:<br>Die Zahlung muss per Bank\u00fcberweisung oder \u00fcber die Pay-per-Link-Methode innerhalb des 11.Tages vor Beginn des Aufenthalts erfolgen. Geschieht dies nicht, betrachtet die Gesch\u00e4ftsleitung die Buchung als ung\u00fcltig.<br>Die Gesch\u00e4ftsleitung beh\u00e4lt sich das Recht vor, eine Vereinbarung mit dem Kunden zu treffen.<br>Der Zutritt f\u00fcr Kinder unter 12 Jahren ist nicht gestattet.<br>Tiere sind nicht erlaubt.<\/p>\n<h5>SCHWIMMBAD<\/h5>\n<p>Zugangszeiten: 9.00 \u2013 19.00 Uhr<br>Benutzen Sie die Dusche, bevor Sie den Pool betreten<\/p>\n<h5>PRIVATSPH\u00c4RE<\/h5>\n<p>Das Recht auf Schutz der personenbezogenen Daten jedes Kunden wird durch die Einhaltung der Bestimmungen des Gesetzes 196\/2003 gew\u00e4hrleistet \u2013 siehe Website-Seite \u201eRechtliche Informationen\u201c.<\/p>\n<h5>ARZT UND INFEKTIONSKRANKHEITEN<\/h5>\n<p>Die Betriebsleitung steht Ihnen rund um die Uhr f\u00fcr Telefonnummern, Begleitung zum \u00e4rztlichen Notdienst, Notaufnahme und Apotheken zur Verf\u00fcgung. Jede bestehende Infektionskrankheit muss der Gesch\u00e4ftsleitung mitgeteilt werden.<\/p>\n<h5>RAUCHEN VERBOTEN<\/h5>\n<p>Das Rauchen ist im gesamten Innenbereich des Bauernhauses, einschlie\u00dflich der Zimmer, verboten (Art. 51 Gesetz 3 vom 16.01.03).<\/p>\n<h5>ZAHLUNGSBEDINGUNGEN<\/h5>\n<p>Kasse<br>Geldautomat<br>Kreditkarte<\/p>\n<h5>Stille Zeiten<\/h5>\n<p>In der Zeit von 23:00 bis 08:00 Uhr werden die Kunden gebeten, sich angemessen zu verhalten, damit die Ruhe der G\u00e4ste nicht gest\u00f6rt wird (einschlie\u00dflich lautem Sprechen).<\/p>\n<h5>REINIGUNGSDIENSTE<\/h5>\n<p>Die t\u00e4gliche Reinigung ist inbegriffen. Die Handt\u00fccher, die Sie auf dem Boden liegen lassen, wechseln wir nach eigenem Ermessen.<\/p>\n<p><\/p>\t\t\t\t\t\t\t\t<\/div>\n\t\t\t\t<\/div>\n\t\t\t\t<div class=\"elementor-element elementor-element-888bc0c elementor-widget elementor-widget-spacer\" data-id=\"888bc0c\" data-element_type=\"widget\" data-e-type=\"widget\" data-widget_type=\"spacer.default\">\n\t\t\t\t<div class=\"elementor-widget-container\">\n\t\t\t\t\t\t\t<div class=\"elementor-spacer\">\n\t\t\t<div class=\"elementor-spacer-inner\"><\/div>\n\t\t<\/div>\n\t\t\t\t\t\t<\/div>\n\t\t\t\t<\/div>\n\t\t\t\t\t<\/div>\n\t\t<\/div>\n\t\t\t\t\t<\/div>\n\t\t<\/section>\n\t\t\t\t<\/div>\n\t\t","protected":false},"excerpt":{"rendered":"<p>TERMS &amp; BEDINGUNGEN ANNAHME AN DER REZEPTION Bei der Ankunft m\u00fcssen die G\u00e4ste ihre g\u00fcltigen Ausweisdokumente an der Rezeption abgeben. Akzeptierte Dokumente:Personalausweis, Reisepass oder F\u00fchrerschein.Personen ohne g\u00fcltigen Ausweis m\u00fcssen sich an das n\u00e4chstgelegene B\u00fcro der \u00f6ffentlichen Sicherheit \u2013 \u201ePREFEKTUR\u201c \u2013 &hellip; <a href=\"https:\/\/lemerline.com\/de\/terms-bedingungen\/\">Read More<\/a><\/p>\n","protected":false},"author":1,"featured_media":0,"parent":0,"menu_order":1,"comment_status":"closed","ping_status":"closed","template":"","meta":{"footnotes":""},"class_list":["post-3216","page","type-page","status-publish","hentry"],"_links":{"self":[{"href":"https:\/\/lemerline.com\/de\/wp-json\/wp\/v2\/pages\/3216","targetHints":{"allow":["GET"]}}],"collection":[{"href":"https:\/\/lemerline.com\/de\/wp-json\/wp\/v2\/pages"}],"about":[{"href":"https:\/\/lemerline.com\/de\/wp-json\/wp\/v2\/types\/page"}],"author":[{"embeddable":true,"href":"https:\/\/lemerline.com\/de\/wp-json\/wp\/v2\/users\/1"}],"replies":[{"embeddable":true,"href":"https:\/\/lemerline.com\/de\/wp-json\/wp\/v2\/comments?post=3216"}],"version-history":[{"count":0,"href":"https:\/\/lemerline.com\/de\/wp-json\/wp\/v2\/pages\/3216\/revisions"}],"wp:attachment":[{"href":"https:\/\/lemerline.com\/de\/wp-json\/wp\/v2\/media?parent=3216"}],"curies":[{"name":"wp","href":"https:\/\/api.w.org\/{rel}","templated":true}]}}