{"id":3155,"date":"2022-06-29T17:41:30","date_gmt":"2022-06-29T15:41:30","guid":{"rendered":"https:\/\/lemerline.com\/datenschutzrichtlinie\/"},"modified":"2023-11-14T14:13:51","modified_gmt":"2023-11-14T13:13:51","slug":"datenschutzrichtlinie","status":"publish","type":"page","link":"https:\/\/lemerline.com\/de\/datenschutzrichtlinie\/","title":{"rendered":"Datenschutzrichtlinie"},"content":{"rendered":"\t\t<div data-elementor-type=\"wp-page\" data-elementor-id=\"3155\" class=\"elementor elementor-3155 elementor-3\">\n\t\t\t\t\t\t<section class=\"elementor-section elementor-top-section elementor-element elementor-element-d0577e9 elementor-section-full_width elementor-section-height-default elementor-section-height-default\" data-id=\"d0577e9\" data-element_type=\"section\" data-e-type=\"section\" data-settings=\"{&quot;background_background&quot;:&quot;classic&quot;}\">\n\t\t\t\t\t\t<div class=\"elementor-container elementor-column-gap-no\">\n\t\t\t\t\t<div class=\"elementor-column elementor-col-100 elementor-top-column elementor-element elementor-element-475b192\" data-id=\"475b192\" data-element_type=\"column\" data-e-type=\"column\" data-settings=\"{&quot;background_background&quot;:&quot;classic&quot;}\">\n\t\t\t<div class=\"elementor-widget-wrap elementor-element-populated\">\n\t\t\t\t\t\t<div class=\"elementor-element elementor-element-46d53ba elementor-widget__width-inherit elementor-widget-tablet__width-inherit elementor-widget-mobile__width-inherit elementor-view-default elementor-position-top elementor-widget elementor-widget-themo-header\" data-id=\"46d53ba\" data-element_type=\"widget\" data-e-type=\"widget\" data-widget_type=\"themo-header.default\">\n\t\t\t\t<div class=\"elementor-widget-container\">\n\t\t\t\t\t\t\t<div class=\"th-header-wrap\">\n        <div class=\"elementor-icon-box-wrapper \">\n                            <div class=\"elementor-icon-box-content\">\n                    <h1 class=\"elementor-icon-box-title\">\n                        Privacy Policy                    <\/h1>\n                                        <p class=\"elementor-icon-box-description\"><\/p>\n\n                                    <\/div>\n            <\/div>\n\n        <\/div>\n\n\t\t\t\t\t\t<\/div>\n\t\t\t\t<\/div>\n\t\t\t\t\t<\/div>\n\t\t<\/div>\n\t\t\t\t\t<\/div>\n\t\t<\/section>\n\t\t\t\t<section class=\"elementor-section elementor-top-section elementor-element elementor-element-6da5cd99 elementor-section-boxed elementor-section-height-default elementor-section-height-default\" data-id=\"6da5cd99\" data-element_type=\"section\" data-e-type=\"section\">\n\t\t\t\t\t\t<div class=\"elementor-container elementor-column-gap-default\">\n\t\t\t\t\t<div class=\"elementor-column elementor-col-100 elementor-top-column elementor-element elementor-element-5d5917fe\" data-id=\"5d5917fe\" data-element_type=\"column\" data-e-type=\"column\">\n\t\t\t<div class=\"elementor-widget-wrap elementor-element-populated\">\n\t\t\t\t\t\t<div class=\"elementor-element elementor-element-3a3c41d elementor-widget elementor-widget-spacer\" data-id=\"3a3c41d\" data-element_type=\"widget\" data-e-type=\"widget\" data-widget_type=\"spacer.default\">\n\t\t\t\t<div class=\"elementor-widget-container\">\n\t\t\t\t\t\t\t<div class=\"elementor-spacer\">\n\t\t\t<div class=\"elementor-spacer-inner\"><\/div>\n\t\t<\/div>\n\t\t\t\t\t\t<\/div>\n\t\t\t\t<\/div>\n\t\t\t\t<div class=\"elementor-element elementor-element-4bb204d5 elementor-widget elementor-widget-text-editor\" data-id=\"4bb204d5\" data-element_type=\"widget\" data-e-type=\"widget\" data-widget_type=\"text-editor.default\">\n\t\t\t\t<div class=\"elementor-widget-container\">\n\t\t\t\t\t\t\t\t\t<p>Dieses Dokument beschreibt die Verwaltungsmethoden der Website www.lemerline.it (\u201eWebsite\u201d) in Bezug auf die Verarbeitung personenbezogener Daten der Benutzer (\u201eBenutzer\/Benutzer\u201d), die sie konsultieren.<\/p><p>Es handelt sich um Informationen gem\u00e4\u00df Art. 13 des Gesetzesdekrets Nr. 196\/2003, sogenannter Kodex zum Schutz personenbezogener Daten (\u201eDatenschutzkodex\u201c) und Artikel 13 der EU-Verordnung 679\/2016 (\u201eDSGVO\u201c), an alle, die die Website besuchen und\/oder mit Le Merline interagieren Webdienste f\u00fcr Zuhause und Fr\u00fchst\u00fcck, die \u00fcber die Website zug\u00e4nglich sind.<\/p><p>Die Informationen werden nur f\u00fcr die Website bereitgestellt und nicht f\u00fcr andere Websites, die der Benutzer m\u00f6glicherweise \u00fcber Links auf der Website konsultiert.<\/p><h4>1. Datenverantwortlicher<\/h4><p>Der Datenverantwortliche f\u00fcr Ihre personenbezogenen Daten ist die Azienda Agricola Palucci Alice von di Palucci Alice \u2013 Cavagna Region 7 San Fedele Albenga (SV), E-Mail info@lemerline.com, (im Folgenden Le Merline\u201d oder \u201eEigent\u00fcmer\u201d).<\/p><h4>2. Arten der verarbeiteten Daten<\/h4><h5>2.1 Browsing-Daten<\/h5><p>der Website verwendeten Computersysteme und Softwareverfahren erfassen w\u00e4hrend ihres normalen Betriebs einige personenbezogene Daten, deren \u00dcbertragung bei der Verwendung von Internet-Kommunikationsprotokollen implizit erfolgt.<\/p><p>Hierbei handelt es sich um Informationen, die nicht erfasst werden, um identifizierten Personen zugeordnet zu werden, die aber aufgrund ihrer Beschaffenheit eine Identifizierung der Benutzer erm\u00f6glichen k\u00f6nnten.<\/p><p>Zu dieser Datenkategorie geh\u00f6ren (i) die IP-Adressen oder Dom\u00e4nennamen der Computer, die von Benutzern verwendet werden, die eine Verbindung zur Website herstellen, (ii) die URI-Notation (Uniform Resource Identifier)-Adressen der angeforderten Ressourcen, (iii) die Zeit der Anfrage, (iv) die Methode, mit der die Anfrage an den Server \u00fcbermittelt wird, (v) die Gr\u00f6\u00dfe der als Antwort erhaltenen Datei, (vi) der numerische Code, der den Status der vom Server gegebenen Antwort angibt (erfolgreich, Fehler) und (vii) andere Parameter in Bezug auf das Betriebssystem und die IT-Umgebung des Benutzers.<\/p><p>Diese Daten werden ausschlie\u00dflich dazu verwendet, anonyme statistische Informationen \u00fcber die Nutzung der Website zu erhalten und deren ordnungsgem\u00e4\u00dfe Funktion zu \u00fcberpr\u00fcfen. Sie werden unmittelbar nach der Verarbeitung gel\u00f6scht.<\/p><h5>2.2 Cookies<\/h5><p>Auf dieser Website werden folgende Arten von Cookies verwendet:<\/p><h6>2.2.1 Technische Cookies<\/h6><p>Diese Art von Cookies erm\u00f6glicht das korrekte Funktionieren einiger Bereiche der Website.<\/p><p>Auf dieser Website werden nur technische Cookies verwendet, d. h. solche, die ausschlie\u00dflich dazu dienen, \u201edie \u00dcbertragung einer Kommunikation \u00fcber ein elektronisches Kommunikationsnetz durchzuf\u00fchren, oder soweit dies f\u00fcr den Anbieter eines vom Abonnenten ausdr\u00fccklich angeforderten Dienstes der Informationsgesellschaft unbedingt erforderlich ist \u201c . oder durch den Benutzer, um diesen Dienst bereitzustellen\u201d (siehe Art. 122, Absatz 1, des Datenschutzgesetzes).<\/p><p>Sie k\u00f6nnen in Navigations- oder Sitzungscookies unterteilt werden, die eine normale Navigation und Nutzung der Website gew\u00e4hrleisten:<\/p><p>Cookies werden technischen Cookies gleichgestellt, wenn sie direkt vom Site-Manager verwendet werden, um in aggregierter Form Informationen \u00fcber die Anzahl der Benutzer und die Art und Weise, wie sie die Site selbst besuchen, zu sammeln.<\/p><p>Cookies , die es dem Benutzer erm\u00f6glichen, nach einer Reihe ausgew\u00e4hlter Kriterien (z. B. Sprache usw.) zu navigieren, um den f\u00fcr den Benutzer bereitgestellten Service zu verbessern.<\/p><p>Eine vorherige Einwilligung der Nutzer ist nicht erforderlich , die Informationspflicht gem\u00e4\u00df Art. 13 des Kodex.<\/p><p>die Erfassung und Verarbeitung der Daten aus der Nutzung technischer Cookies zwingend erforderlich. Im Falle eines Widerspruchs des Nutzers ist eine vollst\u00e4ndige und korrekte Anzeige der Website nicht m\u00f6glich.<\/p><p>Derzeit installiert diese Website keine Profiling-Cookies von Erstanbietern und Google Analytics-Cookies wurden anonymisiert.\u00a0<\/p><h6>2.2.2 Profilierungs-Cookies von Drittanbietern<\/h6><p>Diese Art von Cookies erm\u00f6glicht es einem Website-Manager, Nutzern, die ihre Website besucht haben, gezielte Werbung basierend auf ihren Interessen \u00fcber das Google-Werbenetzwerk oder auf anderen Werbeseiten anzuzeigen. Die angezeigte Werbung basiert auf den vom Nutzer zuvor besuchten Webseiten und wird anschlie\u00dfend auf anderen Webseiten angezeigt, die die Darstellung von Remarketing-Kampagnen erm\u00f6glichen. Remarketing-Kampagnen k\u00f6nnen \u00fcber Dienste Dritter erstellt werden (z. B. das Google Adwords Remarketing-Tool). Remarketing-Kampagnen generieren sogenannte Profiling-Cookies.<\/p><p>Wir verwenden diese Art von Cookies derzeit nicht auf der Website.<\/p><p>Unter folgendem Link ist es m\u00f6glich, Ihre Auswahl zu \u00e4ndern und\/oder gezielte Werbung \u00fcber Google zu deaktivieren:<\/p><p>www.google.com\/settings\/ads\/onweb\/<\/p><p>oder<\/p><p>http:\/\/www.youronlinechoices.com\/it\/le-tue-scelte<\/p><h6>2.2.3 Andere Cookies von Drittanbietern<\/h6><p>Durch das Surfen auf der Website kann der Benutzer Cookies von Drittanbietern erhalten.<\/p><p>Cookies von Drittanbietern werden von einer anderen Website gesetzt als der, die der Benutzer besucht. Dies liegt daran, dass auf jeder Website m\u00f6glicherweise Elemente (Bilder, Karten, Sounds, spezifische Links zu Webseiten anderer Domains usw.) vorhanden sind, die sich auf anderen Servern als dem der besuchten Website befinden.<\/p><p>Liste der von dieser Website verwendeten Cookies von Drittanbietern:<\/p><p>Es ist m\u00f6glich, direkt in Ihrem Browser zu handeln, um Cookies entsprechend Ihren Pr\u00e4ferenzen zu verwalten.<\/p><p>Nachfolgend finden Sie die Seiten der Browser-Anbieter, die im Detail veranschaulichen, wie Sie auf Datenschutz- und Tracking-Einstellungen basierend auf dem vom Benutzer verwendeten Browsertyp reagieren k\u00f6nnen:<\/p><p>\u2013 Mozilla Firefox<\/p><p>\u2013 Google Chrome<\/p><p>\u2013 Safari 6\/7<\/p><p>\u2013 Safari 8<\/p><p>\u2013 Internet Explorer<\/p><p>\u2013 Safari iOS (mobile)<\/p><p>&#8211; Opera<\/p><h5>2.3 Vom Nutzer freiwillig angegebene Daten<\/h5><p>Der Datenverantwortliche verarbeitet personenbezogene, identifizierende und nicht sensible Daten (z. B., aber nicht beschr\u00e4nkt auf, Vorname, Nachname, Adresse, Telefonnummer, E-Mail usw. \u2013 im Folgenden \u201epersonenbezogene Daten\u201d oder auch Daten genannt), die vom Benutzer mitgeteilt werden anl\u00e4sslich der Registrierung auf den Webseiten der Website oder im Registrierungsformular des Eigent\u00fcmers, beim Ausf\u00fcllen und Senden eines Kontaktformulars an den Eigent\u00fcmer oder in jedem Fall bei jeder anderen Anfrage.<\/p><p>die Website ver\u00f6ffentlichten oder weitergegebenen Daten Dritter und garantiert, dass er das Recht hat, diese mitzuteilen oder zu verbreiten, wodurch der Eigent\u00fcmer von jeglicher Haftung gegen\u00fcber Dritten befreit wird.<\/p><h4>3. Zweck und Rechtsgrundlage der Verarbeitung<\/h4><p>Die Verarbeitung der personenbezogenen Daten des Nutzers durch den Eigent\u00fcmer hat folgende Ziele:<\/p><p>verfolgen , im Einklang mit der Kunst. 6.1, Buchstabe . f) der DSGVO, sein eigenes berechtigtes Interesse, das darin besteht, die Sicherheit der Website und der auf ihr ausgetauschten Informationen zu gew\u00e4hrleisten, d. h. die F\u00e4higkeit dieser Website, auf einem bestimmten Sicherheitsniveau unvorhergesehenen Ereignissen oder rechtswidrigen oder b\u00f6swilligen Handlungen zu widerstehen die Verf\u00fcgbarkeit, Authentizit\u00e4t, Integrit\u00e4t und Vertraulichkeit der gespeicherten oder \u00fcbermittelten personenbezogenen Daten sowie die Sicherheit der damit verbundenen angebotenen oder zug\u00e4nglich gemachten Dienste gef\u00e4hrden;<\/p><p>Erlauben Sie dem Benutzer, Informationsanfragen zu senden, und dem Eigent\u00fcmer, dem Benutzer Feedback zu den gestellten Anfragen zu geben.<\/p><p>erm\u00f6glichen die Registrierung und Authentifizierung des Benutzers;<\/p><p>zu Marketingzwecken nur mit Ihrer ausdr\u00fccklichen und eindeutigen Einwilligung gem\u00e4\u00df Art. 23 und 130 Datenschutzgesetz und Kunst. 7 der DSGVO: Versand von Newslettern, kommerziellen Mitteilungen und\/oder Werbematerial zu den Produkten und Dienstleistungen des Datenverantwortlichen per E-Mail;<\/p><p>gestatten , die personenbezogenen Daten des Nutzers \u00fcber Facebook und andere soziale Netzwerke zu erhalten, f\u00fcr die der Nutzer Kontaktdaten angeben kann;<\/p><p>um die Rechte des Eigent\u00fcmers auszu\u00fcben, beispielsweise das Recht auf Verteidigung;<\/p><p>zur Erf\u00fcllung der Verpflichtungen, die durch Gesetz, Verordnung, Gemeinschaftsgesetzgebung oder eine Anordnung der Beh\u00f6rde festgelegt sind.<\/p><p>Die in den Buchstaben c), d) und e) genannten erfolgen ausschlie\u00dflich nach ausdr\u00fccklicher Einwilligung des Nutzers und freie Zustimmung zu einer solchen Verarbeitung, unbeschadet der M\u00f6glichkeit dazu Letzteres fordert immer den Ausschluss einiger Methoden der automatisierten oder traditionelle Kommunikation.<\/p><h4>4. Folgen einer m\u00f6glichen Antwortverweigerung<\/h4><p>Abgesehen von den Angaben in Bezug auf Navigationsdaten, die f\u00fcr die ordnungsgem\u00e4\u00dfe Funktionalit\u00e4t der Website erforderlich sind, sowie auf Cookies, zu denen Sie bitte die entsprechende Cookie-Richtlinie lesen, steht es den Nutzern frei, ihre personenbezogenen Daten anzugeben, um Anfragen zu stellen f\u00fcr Informationen und zur Registrierung auf der Website. Bei Nichtbereitstellung der Daten ist es nicht m\u00f6glich, die gew\u00fcnschten Informationen zu erhalten und den Almablanca-Dienst nicht zu nutzen.<\/p><h4>5. Behandlungsmethoden<\/h4><p>Personenbezogene Daten werden mit IT- und automatisierten Systemen wie E-Mail, Datenbanken, Tabellenkalkulationen und Webdiensten so lange verarbeitet, wie es zur Erreichung der Zwecke, f\u00fcr die sie erhoben wurden, erforderlich ist.<\/p><p>Es wird insbesondere darauf hingewiesen, dass die personenbezogenen Daten des Nutzers von Personen verarbeitet werden, die ordnungsgem\u00e4\u00df mit der Ausf\u00fchrung dieser Aufgaben beauftragt, st\u00e4ndig identifiziert und\/oder ernannt, angemessen unterwiesen und \u00fcber die gesetzlich vorgeschriebenen Beschr\u00e4nkungen sowie durch die Nutzung von personenbezogenen Daten des Nutzers informiert werden Sicherheitsma\u00dfnahmen, die darauf abzielen, den Schutz Ihrer Privatsph\u00e4re zu gew\u00e4hrleisten und das Risiko eines Verlusts oder einer Zerst\u00f6rung, eines unbefugten Zugriffs oder einer unzul\u00e4ssigen oder nicht den oben genannten Zwecken entsprechenden Verarbeitung zu vermeiden.<\/p><h4>6. Kommunikation und Verbreitung von Daten<\/h4><p>In jedem Fall erfolgt die \u00dcbermittlung von Daten an Unternehmen, die ausdr\u00fccklich mit der Erbringung bestimmter Dienstleistungen im Rahmen der vom Datenverantwortlichen ausge\u00fcbten T\u00e4tigkeit und\/oder im Allgemeinen zu seinen Gunsten beauftragt sind und als unabh\u00e4ngige Datenverantwortliche fungieren und\/oder oder Datenverantwortliche sowie die \u00dcbermittlung und\/oder Verbreitung von Daten, die gem\u00e4\u00df dem Gesetz von Polizeikr\u00e4ften, Justizbeh\u00f6rden, Informations- und Sicherheitsbeh\u00f6rden oder anderen \u00f6ffentlichen Stellen zum Zwecke der Verteidigung oder Sicherheit des Staates oder zur Pr\u00e4vention angefordert werden, Aufdeckung oder Unterdr\u00fcckung von Straftaten.<\/p><p>Die Daten unterliegen keiner Weitergabe.<\/p><p>Die aktualisierte Liste der Manager kann jederzeit beim Datenverantwortlichen angefordert werden.<\/p><h4>7. Daten\u00fcbertragung<\/h4><p>Die Verwaltung und Speicherung erfolgt auf Servern innerhalb der Europ\u00e4ischen Union bei der Firma Aruba SpA. In any case, it is understood that the Data Controller, if necessary, will have the right to move the location of the servers to Italy and\/or o European Union and\/or non-EU countries. In jedem Fall wird davon ausgegangen, dass der Datenverantwortliche bei Bedarf das Recht hat, den Standort der Server nach Italien und\/oder in L\u00e4nder der Europ\u00e4ischen Union und\/oder Nicht-EU-L\u00e4nder zu verlegen. In diesem Fall stellt der Verantwortliche ab sofort sicher, dass die \u00dcbermittlung von Nicht-EU-Daten im Einklang mit den geltenden Rechtsvorschriften erfolgt, indem er gegebenenfalls Vereinbarungen trifft, die ein angemessenes Schutzniveau gew\u00e4hrleisten, und\/oder den Standardvertrag \u00fcbernimmt von der Kommission vorgesehenen Klauseln. Europ\u00e4isch.<\/p><h4>8. Rechte des Interessenten<\/h4><p>Gem\u00e4\u00df Art. 7 des Datenschutzgesetzes und Artikel. 15 ff. der DSGVO hat der Nutzer das Recht zu erhalten:<\/p><p>Best\u00e4tigung des Vorhandenseins oder Nichtvorhandenseins personenbezogener Daten \u00fcber Sie, auch wenn diese noch nicht registriert sind, deren Mitteilung in verst\u00e4ndlicher Form und Zugang zu ihnen;<\/p><p>eine Kopie Ihrer pers\u00f6nlichen Daten;<\/p><p>die Berichtigung Ihrer m\u00f6glicherweise unrichtigen personenbezogenen Daten;<\/p><p>die L\u00f6schung Ihrer personenbezogenen Daten;<\/p><p>die Einschr\u00e4nkung der Verarbeitung Ihrer personenbezogenen Daten;<\/p><p>in einem strukturierten, allgemein gebr\u00e4uchlichen und von automatischen Ger\u00e4ten lesbaren Format die personenbezogenen Daten, die Sie uns zur Verf\u00fcgung gestellt oder selbst erstellt haben \u2013 mit Ausnahme von Urteilen des Datenverantwortlichen und\/oder der Verantwortlichen gem\u00e4\u00df Art. 4 des Datenschutzgesetzes \/ durch die Personen, die berechtigt sind, die Daten im Namen und im Auftrag des Datenverantwortlichen gem\u00e4\u00df Art. zu verarbeiten. 4 der DSGVO \u2013 und diese direkt oder \u00fcber den Verantwortlichen an einen anderen Verantwortlichen zu \u00fcbermitteln (sog. Recht auf Daten\u00fcbertragbarkeit);<\/p><p>die Angabe:<\/p><p>die Herkunft der personenbezogenen Daten;<\/p><p>die Kategorien der verarbeiteten personenbezogenen Daten;<\/p><p>der Zwecke und Methoden der Verarbeitung;<\/p><p>der angewandten Logik im Falle einer Verarbeitung mit Hilfe elektronischer Instrumente;<\/p><p>die Identifikationsdaten des Eigent\u00fcmers und etwaiger Manager;<\/p><p>die Aufbewahrungsdauer Ihrer personenbezogenen Daten oder die Kriterien, die f\u00fcr die Festlegung dieser Frist n\u00fctzlich sind;<\/p><p>der Subjekte oder Kategorien von Subjekten, denen die personenbezogenen Daten mitgeteilt werden k\u00f6nnen oder die als benannte Vertreter im Staatsgebiet, Manager oder Verantwortliche gem\u00e4\u00df Art. 4 des Datenschutzgesetzes \/ Personen, die berechtigt sind, die Daten im Namen und im Auftrag des Datenverantwortlichen gem\u00e4\u00df Art. 4 zu verarbeiten. 4 DSGVO ;<\/p><p>die Aktualisierung, Berichtigung oder, wenn Sie Interesse haben, die Erg\u00e4nzung der Daten;<\/p><p>die Umwandlung in anonymisierte Form oder die Sperrung rechtswidrig verarbeiteter Daten, einschlie\u00dflich solcher, deren Aufbewahrung im Hinblick auf die Zwecke, f\u00fcr die die Daten erhoben oder sp\u00e4ter verarbeitet wurden, nicht erforderlich ist;<\/p><p>die Bescheinigung, dass die in den Buchstaben a) und b) genannten Vorg\u00e4nge, auch hinsichtlich ihres Inhalts, denjenigen zur Kenntnis gebracht wurden, denen die Daten mitgeteilt oder verbreitet wurden, es sei denn, diese Erf\u00fcllung erweist sich als unm\u00f6glich oder den Einsatz von Mitteln erfordert, die offensichtlich in keinem Verh\u00e4ltnis zum gesch\u00fctzten Recht stehen.<\/p><p>Dar\u00fcber hinaus hat der Nutzer das Recht, ganz oder teilweise Widerspruch einzulegen:<\/p><p>aus berechtigten Gr\u00fcnden, die Sie betreffenden personenbezogenen Daten zu verarbeiten, auch wenn diese f\u00fcr den Zweck der Erhebung relevant sind;<\/p><p>auf die Verarbeitung der Sie betreffenden personenbezogenen Daten zum Zwecke der Zusendung von Werbe- oder Direktverkaufsmaterial oder zur Durchf\u00fchrung von Marktforschungen oder kommerzieller Kommunikation.<\/p><p>im vorstehenden Artikel genannte E-Mail-Adresse des Eigent\u00fcmers senden. 1, wobei im Betreff \u201ePrivatsph\u00e4re, Aus\u00fcbung von Rechten\u201d angegeben ist.<\/p><p>einer anderen zust\u00e4ndigen Aufsichtsbeh\u00f6rde einzureichen, wenn Sie der Meinung sind, dass Ihre Rechte durch den Datenverantwortlichen und\/oder einen Dritten verletzt wurden Beh\u00f6rde im Sinne der DSGVO.<\/p><h4>9. Dauer der Verarbeitung und Speicherung personenbezogener Daten<\/h4><p>Die personenbezogenen Daten des Nutzers werden vom Datenverantwortlichen nur f\u00fcr den Zeitraum verarbeitet, der zur Erreichung der im vorstehenden Artikel 3 genannten Verarbeitungszwecke erforderlich ist. Danach werden sie ausschlie\u00dflich in \u00dcbereinstimmung mit den geltenden gesetzlichen Verpflichtungen gespeichert Angelegenheit, zu Verwaltungszwecken und\/oder zur Geltendmachung oder Verteidigung von Rechten, bei Streitigkeiten und Vorstreitigkeiten.<\/p><p>Der Nutzer kann jederzeit die Unterbrechung der Verarbeitung oder die L\u00f6schung der Daten verlangen.<\/p><h4>10. \u00c4nderungen<\/h4><p>Dieses Dokument stellt die Datenschutzrichtlinie der Website dar, die jederzeit ge\u00e4ndert und\/oder aktualisiert werden kann. Wenn der Eigent\u00fcmer beabsichtigt, die personenbezogenen Daten der Benutzer f\u00fcr andere als die im vorstehenden Artikel vorgesehenen Zwecke zu verarbeiten. 3 verpflichtet sich, den Nutzern vor einer solchen Weiterverarbeitung angemessene Informationen \u00fcber diese verschiedenen Zwecke zur Verf\u00fcgung zu stellen und diese Weiterverarbeitung in \u00dcbereinstimmung mit den geltenden Rechtsvorschriften durchzuf\u00fchren .<\/p><h4>11. Beschwerden<\/h4><p>einer anderen zust\u00e4ndigen Aufsichtsbeh\u00f6rde einzureichen, wenn Sie der Meinung sind, dass Ihre Rechte durch den Datenverantwortlichen und\/oder einen Dritten verletzt wurden Beh\u00f6rde, die die Verordnung in Kraft setzt. Auf dieser Seite http:\/\/www.garanteprivacy.it\/home\/urp<\/p>\t\t\t\t\t\t\t\t<\/div>\n\t\t\t\t<\/div>\n\t\t\t\t<div class=\"elementor-element elementor-element-8e0f022 elementor-widget elementor-widget-spacer\" data-id=\"8e0f022\" data-element_type=\"widget\" data-e-type=\"widget\" data-widget_type=\"spacer.default\">\n\t\t\t\t<div class=\"elementor-widget-container\">\n\t\t\t\t\t\t\t<div class=\"elementor-spacer\">\n\t\t\t<div class=\"elementor-spacer-inner\"><\/div>\n\t\t<\/div>\n\t\t\t\t\t\t<\/div>\n\t\t\t\t<\/div>\n\t\t\t\t\t<\/div>\n\t\t<\/div>\n\t\t\t\t\t<\/div>\n\t\t<\/section>\n\t\t\t\t<\/div>\n\t\t","protected":false},"excerpt":{"rendered":"<p>Privacy Policy Dieses Dokument beschreibt die Verwaltungsmethoden der Website www.lemerline.it (\u201eWebsite\u201d) in Bezug auf die Verarbeitung personenbezogener Daten der Benutzer (\u201eBenutzer\/Benutzer\u201d), die sie konsultieren. Es handelt sich um Informationen gem\u00e4\u00df Art. 13 des Gesetzesdekrets Nr. 196\/2003, sogenannter Kodex zum Schutz &hellip; <a href=\"https:\/\/lemerline.com\/de\/datenschutzrichtlinie\/\">Read More<\/a><\/p>\n","protected":false},"author":1,"featured_media":0,"parent":0,"menu_order":0,"comment_status":"closed","ping_status":"open","template":"","meta":{"footnotes":""},"class_list":["post-3155","page","type-page","status-publish","hentry"],"_links":{"self":[{"href":"https:\/\/lemerline.com\/de\/wp-json\/wp\/v2\/pages\/3155","targetHints":{"allow":["GET"]}}],"collection":[{"href":"https:\/\/lemerline.com\/de\/wp-json\/wp\/v2\/pages"}],"about":[{"href":"https:\/\/lemerline.com\/de\/wp-json\/wp\/v2\/types\/page"}],"author":[{"embeddable":true,"href":"https:\/\/lemerline.com\/de\/wp-json\/wp\/v2\/users\/1"}],"replies":[{"embeddable":true,"href":"https:\/\/lemerline.com\/de\/wp-json\/wp\/v2\/comments?post=3155"}],"version-history":[{"count":0,"href":"https:\/\/lemerline.com\/de\/wp-json\/wp\/v2\/pages\/3155\/revisions"}],"wp:attachment":[{"href":"https:\/\/lemerline.com\/de\/wp-json\/wp\/v2\/media?parent=3155"}],"curies":[{"name":"wp","href":"https:\/\/api.w.org\/{rel}","templated":true}]}}