{"id":2860,"date":"2021-09-23T08:49:10","date_gmt":"2021-09-23T06:49:10","guid":{"rendered":"https:\/\/lemerline.com\/ueber\/"},"modified":"2024-04-17T11:38:41","modified_gmt":"2024-04-17T09:38:41","slug":"ueber","status":"publish","type":"page","link":"https:\/\/lemerline.com\/de\/ueber\/","title":{"rendered":"\u00dcber"},"content":{"rendered":"\t\t<div data-elementor-type=\"wp-page\" data-elementor-id=\"2860\" class=\"elementor elementor-2860 elementor-113\">\n\t\t\t\t\t\t<section class=\"elementor-section elementor-top-section elementor-element elementor-element-27cffd79 elementor-reverse-tablet elementor-reverse-mobile elementor-section-boxed elementor-section-height-default elementor-section-height-default\" data-id=\"27cffd79\" data-element_type=\"section\" data-e-type=\"section\" data-settings=\"{&quot;background_background&quot;:&quot;classic&quot;}\">\n\t\t\t\t\t\t<div class=\"elementor-container elementor-column-gap-default\">\n\t\t\t\t\t<div class=\"elementor-column elementor-col-50 elementor-top-column elementor-element elementor-element-26b6a411\" data-id=\"26b6a411\" data-element_type=\"column\" data-e-type=\"column\">\n\t\t\t<div class=\"elementor-widget-wrap elementor-element-populated\">\n\t\t\t\t\t\t<div class=\"elementor-element elementor-element-2992477a elementor-widget elementor-widget-image\" data-id=\"2992477a\" data-element_type=\"widget\" data-e-type=\"widget\" data-widget_type=\"image.default\">\n\t\t\t\t<div class=\"elementor-widget-container\">\n\t\t\t\t\t\t\t\t\t\t\t\t\t\t\t<img fetchpriority=\"high\" decoding=\"async\" width=\"1248\" height=\"1872\" src=\"https:\/\/lemerline.com\/wp-content\/uploads\/2023\/06\/DSF7246.jpg\" class=\"attachment-full size-full wp-image-2675\" alt=\"\" srcset=\"https:\/\/lemerline.com\/wp-content\/uploads\/2023\/06\/DSF7246.jpg 1248w, https:\/\/lemerline.com\/wp-content\/uploads\/2023\/06\/DSF7246-600x900.jpg 600w, https:\/\/lemerline.com\/wp-content\/uploads\/2023\/06\/DSF7246-200x300.jpg 200w, https:\/\/lemerline.com\/wp-content\/uploads\/2023\/06\/DSF7246-683x1024.jpg 683w, https:\/\/lemerline.com\/wp-content\/uploads\/2023\/06\/DSF7246-768x1152.jpg 768w, https:\/\/lemerline.com\/wp-content\/uploads\/2023\/06\/DSF7246-1024x1536.jpg 1024w, https:\/\/lemerline.com\/wp-content\/uploads\/2023\/06\/DSF7246-53x80.jpg 53w, https:\/\/lemerline.com\/wp-content\/uploads\/2023\/06\/DSF7246-202x303.jpg 202w, https:\/\/lemerline.com\/wp-content\/uploads\/2023\/06\/DSF7246-467x700.jpg 467w, https:\/\/lemerline.com\/wp-content\/uploads\/2023\/06\/DSF7246-633x950.jpg 633w, https:\/\/lemerline.com\/wp-content\/uploads\/2023\/06\/DSF7246-720x1080.jpg 720w, https:\/\/lemerline.com\/wp-content\/uploads\/2023\/06\/DSF7246-67x100.jpg 67w\" sizes=\"(max-width: 1248px) 100vw, 1248px\" \/>\t\t\t\t\t\t\t\t\t\t\t\t\t\t\t<\/div>\n\t\t\t\t<\/div>\n\t\t\t\t\t<\/div>\n\t\t<\/div>\n\t\t\t\t<div class=\"elementor-column elementor-col-50 elementor-top-column elementor-element elementor-element-2a424e63\" data-id=\"2a424e63\" data-element_type=\"column\" data-e-type=\"column\">\n\t\t\t<div class=\"elementor-widget-wrap elementor-element-populated\">\n\t\t\t\t\t\t<div class=\"elementor-element elementor-element-6f275d5 e-transform e-transform elementor-view-default elementor-position-top elementor-widget elementor-widget-themo-header\" data-id=\"6f275d5\" data-element_type=\"widget\" data-e-type=\"widget\" data-settings=\"{&quot;_transform_translateX_effect&quot;:{&quot;unit&quot;:&quot;px&quot;,&quot;size&quot;:&quot;&quot;,&quot;sizes&quot;:[]},&quot;_transform_translateX_effect_tablet&quot;:{&quot;unit&quot;:&quot;px&quot;,&quot;size&quot;:&quot;&quot;,&quot;sizes&quot;:[]},&quot;_transform_translateX_effect_mobile&quot;:{&quot;unit&quot;:&quot;px&quot;,&quot;size&quot;:&quot;&quot;,&quot;sizes&quot;:[]},&quot;_transform_translateY_effect&quot;:{&quot;unit&quot;:&quot;px&quot;,&quot;size&quot;:&quot;&quot;,&quot;sizes&quot;:[]},&quot;_transform_translateY_effect_tablet&quot;:{&quot;unit&quot;:&quot;px&quot;,&quot;size&quot;:&quot;&quot;,&quot;sizes&quot;:[]},&quot;_transform_translateY_effect_mobile&quot;:{&quot;unit&quot;:&quot;px&quot;,&quot;size&quot;:&quot;&quot;,&quot;sizes&quot;:[]},&quot;_transform_scaleX_effect&quot;:{&quot;unit&quot;:&quot;px&quot;,&quot;size&quot;:&quot;&quot;,&quot;sizes&quot;:[]},&quot;_transform_scaleX_effect_tablet&quot;:{&quot;unit&quot;:&quot;px&quot;,&quot;size&quot;:&quot;&quot;,&quot;sizes&quot;:[]},&quot;_transform_scaleX_effect_mobile&quot;:{&quot;unit&quot;:&quot;px&quot;,&quot;size&quot;:&quot;&quot;,&quot;sizes&quot;:[]},&quot;_transform_scaleY_effect&quot;:{&quot;unit&quot;:&quot;px&quot;,&quot;size&quot;:&quot;&quot;,&quot;sizes&quot;:[]},&quot;_transform_scaleY_effect_tablet&quot;:{&quot;unit&quot;:&quot;px&quot;,&quot;size&quot;:&quot;&quot;,&quot;sizes&quot;:[]},&quot;_transform_scaleY_effect_mobile&quot;:{&quot;unit&quot;:&quot;px&quot;,&quot;size&quot;:&quot;&quot;,&quot;sizes&quot;:[]}}\" data-widget_type=\"themo-header.default\">\n\t\t\t\t<div class=\"elementor-widget-container\">\n\t\t\t\t\t\t\t<div class=\"th-header-wrap\">\n        <div class=\"elementor-icon-box-wrapper \">\n                            <div class=\"elementor-icon-box-content\">\n                    <h1 class=\"elementor-icon-box-title\">\n                        \u00dcber uns                    <\/h1>\n                                        <p class=\"elementor-icon-box-description\"><\/p>\n\n                                    <\/div>\n            <\/div>\n\n        <\/div>\n\n\t\t\t\t\t\t<\/div>\n\t\t\t\t<\/div>\n\t\t\t\t<div class=\"elementor-element elementor-element-7fc7204b elementor-widget elementor-widget-text-editor\" data-id=\"7fc7204b\" data-element_type=\"widget\" data-e-type=\"widget\" data-widget_type=\"text-editor.default\">\n\t\t\t\t<div class=\"elementor-widget-container\">\n\t\t\t\t\t\t\t\t\t<h6>Wenn Sie im &#8222;Le Merline&#8220; ankommen, werden Sie uns treffen, insbesondere meine Mutter Sandra, meine kleine Camilla und mich, aber auch meinen Vater Nino und meinen Mann Davide, auch wenn sie nicht immer anwesend sein werden, sie waren die Seele von allen Renovierungsarbeiten. Ich wurde als Tr\u00e4umer geboren und als mein Vater 2005 dieses alte Landhaus voller Geschichte, Charme und Erinnerungen erbte, begann ich, es in meinem Kopf zu verwandeln. Ich habe es mir schon lange vorgestellt, gest\u00fctzt durch mein universit\u00e4res Designstudium, das ich leider nicht abgeschlossen habe. Le Merline Haus und Fr\u00fchst\u00fcck, anders, ich habe es getr\u00e4umt, gewollt und mir vorgestellt und mit Tr\u00e4nen und Schwei\u00df, nicht nur meinen, habe ich es wahr gemacht. Wir sind stolz, wenn wir manchmal in Ihren Gesichtern eine aufrichtige Wertsch\u00e4tzung f\u00fcr unsere Arbeit sehen. Aber als Hoteliers stehen wir noch am Anfang, wir waren Bauern, aber wir werden unser Bestes geben.<\/h6>\n\t\t\t\t\t\t\t\t<\/div>\n\t\t\t\t<\/div>\n\t\t\t\t\t<\/div>\n\t\t<\/div>\n\t\t\t\t\t<\/div>\n\t\t<\/section>\n\t\t\t\t<section class=\"elementor-section elementor-top-section elementor-element elementor-element-72419fdc elementor-section-full_width elementor-section-height-default elementor-section-height-default\" data-id=\"72419fdc\" data-element_type=\"section\" data-e-type=\"section\">\n\t\t\t\t\t\t<div class=\"elementor-container elementor-column-gap-no\">\n\t\t\t\t\t<div class=\"elementor-column elementor-col-50 elementor-top-column elementor-element elementor-element-2de386ee\" data-id=\"2de386ee\" data-element_type=\"column\" data-e-type=\"column\" data-settings=\"{&quot;background_background&quot;:&quot;classic&quot;}\">\n\t\t\t<div class=\"elementor-widget-wrap elementor-element-populated\">\n\t\t\t\t\t\t<div class=\"elementor-element elementor-element-c03772c elementor-widget__width-initial elementor-widget-tablet__width-inherit elementor-widget-mobile__width-inherit elementor-view-default elementor-position-top elementor-widget elementor-widget-themo-header\" data-id=\"c03772c\" data-element_type=\"widget\" data-e-type=\"widget\" data-widget_type=\"themo-header.default\">\n\t\t\t\t<div class=\"elementor-widget-container\">\n\t\t\t\t\t\t\t<div class=\"th-header-wrap\">\n        <div class=\"elementor-icon-box-wrapper \">\n                            <div class=\"elementor-icon-box-content\">\n                    <h1 class=\"elementor-icon-box-title\">\n                        \u00dcber uns                    <\/h1>\n                                        <p class=\"elementor-icon-box-description\"><\/p>\n\n                                    <\/div>\n            <\/div>\n\n        <\/div>\n\n\t\t\t\t\t\t<\/div>\n\t\t\t\t<\/div>\n\t\t\t\t<div class=\"elementor-element elementor-element-faa07f7 elementor-widget__width-initial elementor-widget-tablet__width-inherit elementor-widget-mobile__width-inherit elementor-widget elementor-widget-text-editor\" data-id=\"faa07f7\" data-element_type=\"widget\" data-e-type=\"widget\" data-widget_type=\"text-editor.default\">\n\t\t\t\t<div class=\"elementor-widget-container\">\n\t\t\t\t\t\t\t\t\t<p>Lassen Sie die Stadt hinter sich und erkunden Sie die Natur an unseren Au\u00dfenposten in der Stadt Arnasco, Savona, Italien.<\/p>\n\t\t\t\t\t\t\t\t<\/div>\n\t\t\t\t<\/div>\n\t\t\t\t\t<\/div>\n\t\t<\/div>\n\t\t\t\t<div class=\"elementor-column elementor-col-50 elementor-top-column elementor-element elementor-element-be485d4 elementor-hidden-mobile elementor-hidden-tablet\" data-id=\"be485d4\" data-element_type=\"column\" data-e-type=\"column\" data-settings=\"{&quot;background_background&quot;:&quot;classic&quot;}\">\n\t\t\t<div class=\"elementor-widget-wrap elementor-element-populated\">\n\t\t\t\t\t\t\t<\/div>\n\t\t<\/div>\n\t\t\t\t\t<\/div>\n\t\t<\/section>\n\t\t\t\t<section class=\"elementor-section elementor-top-section elementor-element elementor-element-7dbee353 elementor-hidden-desktop elementor-hidden-tablet elementor-hidden-mobile elementor-section-boxed elementor-section-height-default elementor-section-height-default\" data-id=\"7dbee353\" data-element_type=\"section\" data-e-type=\"section\">\n\t\t\t\t\t\t<div class=\"elementor-container elementor-column-gap-default\">\n\t\t\t\t\t<div class=\"elementor-column elementor-col-100 elementor-top-column elementor-element elementor-element-f973f0d\" data-id=\"f973f0d\" data-element_type=\"column\" data-e-type=\"column\">\n\t\t\t<div class=\"elementor-widget-wrap elementor-element-populated\">\n\t\t\t\t\t\t<section class=\"elementor-section elementor-inner-section elementor-element elementor-element-127a5ade elementor-section-boxed elementor-section-height-default elementor-section-height-default\" data-id=\"127a5ade\" data-element_type=\"section\" data-e-type=\"section\">\n\t\t\t\t\t\t<div class=\"elementor-container elementor-column-gap-default\">\n\t\t\t\t\t<div class=\"elementor-column elementor-col-33 elementor-inner-column elementor-element elementor-element-2e7ba4d0\" data-id=\"2e7ba4d0\" data-element_type=\"column\" data-e-type=\"column\">\n\t\t\t<div class=\"elementor-widget-wrap elementor-element-populated\">\n\t\t\t\t\t\t<div class=\"elementor-element elementor-element-38723e2b elementor-widget-divider--view-line elementor-widget elementor-widget-divider\" data-id=\"38723e2b\" data-element_type=\"widget\" data-e-type=\"widget\" data-widget_type=\"divider.default\">\n\t\t\t\t<div class=\"elementor-widget-container\">\n\t\t\t\t\t\t\t<div class=\"elementor-divider\">\n\t\t\t<span class=\"elementor-divider-separator\">\n\t\t\t\t\t\t<\/span>\n\t\t<\/div>\n\t\t\t\t\t\t<\/div>\n\t\t\t\t<\/div>\n\t\t\t\t\t<\/div>\n\t\t<\/div>\n\t\t\t\t<div class=\"elementor-column elementor-col-33 elementor-inner-column elementor-element elementor-element-1dd1047e\" data-id=\"1dd1047e\" data-element_type=\"column\" data-e-type=\"column\">\n\t\t\t<div class=\"elementor-widget-wrap elementor-element-populated\">\n\t\t\t\t\t\t<div class=\"elementor-element elementor-element-25a3c53f elementor-align-center kk-btn-1 elementor-widget elementor-widget-button\" data-id=\"25a3c53f\" data-element_type=\"widget\" data-e-type=\"widget\" data-widget_type=\"button.default\">\n\t\t\t\t<div class=\"elementor-widget-container\">\n\t\t\t\t\t\t\t\t\t<div class=\"elementor-button-wrapper\">\n\t\t\t\t\t<a class=\"elementor-button elementor-size-sm\" role=\"button\">\n\t\t\t\t\t\t<span class=\"elementor-button-content-wrapper\">\n\t\t\t\t\t\t\t\t\t<span class=\"elementor-button-text\">3 - Choose<\/span>\n\t\t\t\t\t<\/span>\n\t\t\t\t\t<\/a>\n\t\t\t\t<\/div>\n\t\t\t\t\t\t\t\t<\/div>\n\t\t\t\t<\/div>\n\t\t\t\t\t<\/div>\n\t\t<\/div>\n\t\t\t\t<div class=\"elementor-column elementor-col-33 elementor-inner-column elementor-element elementor-element-3ca1b603\" data-id=\"3ca1b603\" data-element_type=\"column\" data-e-type=\"column\">\n\t\t\t<div class=\"elementor-widget-wrap elementor-element-populated\">\n\t\t\t\t\t\t<div class=\"elementor-element elementor-element-21f49df1 elementor-widget-divider--view-line elementor-widget elementor-widget-divider\" data-id=\"21f49df1\" data-element_type=\"widget\" data-e-type=\"widget\" data-widget_type=\"divider.default\">\n\t\t\t\t<div class=\"elementor-widget-container\">\n\t\t\t\t\t\t\t<div class=\"elementor-divider\">\n\t\t\t<span class=\"elementor-divider-separator\">\n\t\t\t\t\t\t<\/span>\n\t\t<\/div>\n\t\t\t\t\t\t<\/div>\n\t\t\t\t<\/div>\n\t\t\t\t\t<\/div>\n\t\t<\/div>\n\t\t\t\t\t<\/div>\n\t\t<\/section>\n\t\t\t\t<div class=\"elementor-element elementor-element-24e0cf6 elementor-view-default elementor-position-top elementor-widget elementor-widget-themo-header\" data-id=\"24e0cf6\" data-element_type=\"widget\" data-e-type=\"widget\" data-widget_type=\"themo-header.default\">\n\t\t\t\t<div class=\"elementor-widget-container\">\n\t\t\t\t\t\t\t<div class=\"th-header-wrap\">\n        <div class=\"elementor-icon-box-wrapper \">\n                            <div class=\"elementor-icon-box-content\">\n                    <h3 class=\"elementor-icon-box-title\">\n                        Meet the team                    <\/h3>\n                                        <p class=\"elementor-icon-box-description\"><\/p>\n\n                                    <\/div>\n            <\/div>\n\n        <\/div>\n\n\t\t\t\t\t\t<\/div>\n\t\t\t\t<\/div>\n\t\t\t\t<section class=\"elementor-section elementor-inner-section elementor-element elementor-element-5e8d3fdd elementor-section-boxed elementor-section-height-default elementor-section-height-default\" data-id=\"5e8d3fdd\" data-element_type=\"section\" data-e-type=\"section\">\n\t\t\t\t\t\t<div class=\"elementor-container elementor-column-gap-default\">\n\t\t\t\t\t<div class=\"elementor-column elementor-col-25 elementor-inner-column elementor-element elementor-element-35350e9\" data-id=\"35350e9\" data-element_type=\"column\" data-e-type=\"column\">\n\t\t\t<div class=\"elementor-widget-wrap elementor-element-populated\">\n\t\t\t\t\t\t<div class=\"elementor-element elementor-element-520a0a34 elementor-widget elementor-widget-themo-team\" data-id=\"520a0a34\" data-element_type=\"widget\" data-e-type=\"widget\" data-widget_type=\"themo-team.default\">\n\t\t\t\t<div class=\"elementor-widget-container\">\n\t\t\t\t\t\n        \t\t<div class=\"th-team-member th-team-style-1\">\n                            <img decoding=\"async\" width=\"394\" height=\"394\" src=\"https:\/\/lemerline.com\/wp-content\/uploads\/2021\/10\/bellevue_activity14-394x394.jpg\" class=\"th-img-stretch\" alt=\"\" \/>            \n\t\t\t<div class=\"th-team-member-content\">\n                                                            <h4 class=\"th-team-member-name\">Noah Adrian<\/h4>\n                                   \t\t\t\t\t\t\t\t\t\t\t\t\t<div class=\"th-team-member-text\">Nulla at mauris accumsan eros ullamcorper tincidunt at nec ipsum.<\/div>\n\t\t\t\t\t\t\t\t<div class=\"th-team-member-social\">\n\t\t\t\t\t<i aria-hidden=\"true\" class=\"fab fa-twitter\"><\/i>\t\t\t\t<\/div>\n\t\t\t<\/div>\n\t\t<\/div>\n        \t\t\t\t\t\t<\/div>\n\t\t\t\t<\/div>\n\t\t\t\t\t<\/div>\n\t\t<\/div>\n\t\t\t\t<div class=\"elementor-column elementor-col-25 elementor-inner-column elementor-element elementor-element-7e2f441b\" data-id=\"7e2f441b\" data-element_type=\"column\" data-e-type=\"column\">\n\t\t\t<div class=\"elementor-widget-wrap elementor-element-populated\">\n\t\t\t\t\t\t<div class=\"elementor-element elementor-element-b6002f0 elementor-widget elementor-widget-themo-team\" data-id=\"b6002f0\" data-element_type=\"widget\" data-e-type=\"widget\" data-widget_type=\"themo-team.default\">\n\t\t\t\t<div class=\"elementor-widget-container\">\n\t\t\t\t\t\n        \t\t<div class=\"th-team-member th-team-style-1\">\n                            <img decoding=\"async\" width=\"394\" height=\"394\" src=\"https:\/\/lemerline.com\/wp-content\/uploads\/2021\/10\/bellevue_activity10-394x394.jpg\" class=\"th-img-stretch\" alt=\"\" \/>            \n\t\t\t<div class=\"th-team-member-content\">\n                                                            <h4 class=\"th-team-member-name\">Sophia Bootman<\/h4>\n                                   \t\t\t\t\t\t\t\t\t\t\t\t\t<div class=\"th-team-member-text\">Nulla at mauris accumsan eros ullamcorper tincidunt at nec ipsum.<\/div>\n\t\t\t\t\t\t\t\t<div class=\"th-team-member-social\">\n\t\t\t\t\t<i aria-hidden=\"true\" class=\"fab fa-instagram\"><\/i>\t\t\t\t<\/div>\n\t\t\t<\/div>\n\t\t<\/div>\n        \t\t\t\t\t\t<\/div>\n\t\t\t\t<\/div>\n\t\t\t\t\t<\/div>\n\t\t<\/div>\n\t\t\t\t<div class=\"elementor-column elementor-col-25 elementor-inner-column elementor-element elementor-element-28fee80f\" data-id=\"28fee80f\" data-element_type=\"column\" data-e-type=\"column\">\n\t\t\t<div class=\"elementor-widget-wrap elementor-element-populated\">\n\t\t\t\t\t\t<div class=\"elementor-element elementor-element-74612b5 elementor-widget elementor-widget-themo-team\" data-id=\"74612b5\" data-element_type=\"widget\" data-e-type=\"widget\" data-widget_type=\"themo-team.default\">\n\t\t\t\t<div class=\"elementor-widget-container\">\n\t\t\t\t\t\n        \t\t<div class=\"th-team-member th-team-style-1\">\n                            <img loading=\"lazy\" decoding=\"async\" width=\"394\" height=\"394\" src=\"https:\/\/lemerline.com\/wp-content\/uploads\/2021\/10\/bellevue_activity6-394x394.jpg\" class=\"th-img-stretch\" alt=\"\" \/>            \n\t\t\t<div class=\"th-team-member-content\">\n                                                            <h4 class=\"th-team-member-name\">Ethan Jeff<\/h4>\n                                   \t\t\t\t\t\t\t\t\t\t\t\t\t<div class=\"th-team-member-text\">Nulla at mauris accumsan eros ullamcorper tincidunt at nec ipsum.<\/div>\n\t\t\t\t\t\t\t\t<div class=\"th-team-member-social\">\n\t\t\t\t\t<i aria-hidden=\"true\" class=\"fab fa-linkedin-in\"><\/i>\t\t\t\t<\/div>\n\t\t\t<\/div>\n\t\t<\/div>\n        \t\t\t\t\t\t<\/div>\n\t\t\t\t<\/div>\n\t\t\t\t\t<\/div>\n\t\t<\/div>\n\t\t\t\t<div class=\"elementor-column elementor-col-25 elementor-inner-column elementor-element elementor-element-139f9eb6\" data-id=\"139f9eb6\" data-element_type=\"column\" data-e-type=\"column\">\n\t\t\t<div class=\"elementor-widget-wrap elementor-element-populated\">\n\t\t\t\t\t\t<div class=\"elementor-element elementor-element-21efe12d elementor-widget elementor-widget-themo-team\" data-id=\"21efe12d\" data-element_type=\"widget\" data-e-type=\"widget\" data-widget_type=\"themo-team.default\">\n\t\t\t\t<div class=\"elementor-widget-container\">\n\t\t\t\t\t\n        \t\t<div class=\"th-team-member th-team-style-1\">\n                            <img loading=\"lazy\" decoding=\"async\" width=\"394\" height=\"394\" src=\"https:\/\/lemerline.com\/wp-content\/uploads\/2021\/10\/bellevue_activity2-394x394.jpg\" class=\"th-img-stretch\" alt=\"\" \/>            \n\t\t\t<div class=\"th-team-member-content\">\n                                                            <h4 class=\"th-team-member-name\">Eva Ogden<\/h4>\n                                   \t\t\t\t\t\t\t\t\t\t\t\t\t<div class=\"th-team-member-text\">Nulla at mauris accumsan eros ullamcorper tincidunt at nec ipsum.<\/div>\n\t\t\t\t\t\t\t\t<div class=\"th-team-member-social\">\n\t\t\t\t\t<i aria-hidden=\"true\" class=\"fab fa-instagram\"><\/i>\t\t\t\t<\/div>\n\t\t\t<\/div>\n\t\t<\/div>\n        \t\t\t\t\t\t<\/div>\n\t\t\t\t<\/div>\n\t\t\t\t\t<\/div>\n\t\t<\/div>\n\t\t\t\t\t<\/div>\n\t\t<\/section>\n\t\t\t\t\t<\/div>\n\t\t<\/div>\n\t\t\t\t\t<\/div>\n\t\t<\/section>\n\t\t\t\t<\/div>\n\t\t","protected":false},"excerpt":{"rendered":"<p>\u00dcber uns Wenn Sie im &#8222;Le Merline&#8220; ankommen, werden Sie uns treffen, insbesondere meine Mutter Sandra, meine kleine Camilla und mich, aber auch meinen Vater Nino und meinen Mann Davide, auch wenn sie nicht immer anwesend sein werden, sie waren &hellip; <a href=\"https:\/\/lemerline.com\/de\/ueber\/\">Read More<\/a><\/p>\n","protected":false},"author":1,"featured_media":0,"parent":0,"menu_order":1,"comment_status":"closed","ping_status":"closed","template":"","meta":{"footnotes":""},"class_list":["post-2860","page","type-page","status-publish","hentry"],"_links":{"self":[{"href":"https:\/\/lemerline.com\/de\/wp-json\/wp\/v2\/pages\/2860","targetHints":{"allow":["GET"]}}],"collection":[{"href":"https:\/\/lemerline.com\/de\/wp-json\/wp\/v2\/pages"}],"about":[{"href":"https:\/\/lemerline.com\/de\/wp-json\/wp\/v2\/types\/page"}],"author":[{"embeddable":true,"href":"https:\/\/lemerline.com\/de\/wp-json\/wp\/v2\/users\/1"}],"replies":[{"embeddable":true,"href":"https:\/\/lemerline.com\/de\/wp-json\/wp\/v2\/comments?post=2860"}],"version-history":[{"count":0,"href":"https:\/\/lemerline.com\/de\/wp-json\/wp\/v2\/pages\/2860\/revisions"}],"wp:attachment":[{"href":"https:\/\/lemerline.com\/de\/wp-json\/wp\/v2\/media?parent=2860"}],"curies":[{"name":"wp","href":"https:\/\/api.w.org\/{rel}","templated":true}]}}